{"id":2586,"date":"2020-04-23T12:18:43","date_gmt":"2020-04-23T10:18:43","guid":{"rendered":"https:\/\/dev.deumavan.ch\/hilfecenter\/"},"modified":"2025-07-07T12:26:02","modified_gmt":"2025-07-07T10:26:02","slug":"domande-frequenti","status":"publish","type":"page","link":"https:\/\/dev.deumavan.ch\/it\/domande-frequenti\/","title":{"rendered":"Domande frequenti"},"content":{"rendered":"\r\n<style type=\"text\/css\">\r\n\t#featured-block_affb9ef92f138267d68653eff3cb88e5 {\r\n        \/* Add styles that use ACF values here *\/\r\n        height: 75vw;\r\n        max-height: 398px;\r\n        min-height: 233px;\r\n                            background-image: url(https:\/\/dev.deumavan.ch\/wp-content\/uploads\/2024\/12\/frau_handy_bluse_deumavan-4.png);\r\n        \t}\r\n\r\n    @media (min-width: 700px) {\r\n        #featured-block_affb9ef92f138267d68653eff3cb88e5 {\r\n        height: 40vw;\r\n        }\r\n    }\r\n\r\n    @media (min-width: 1000px) {\r\n        #featured-block_affb9ef92f138267d68653eff3cb88e5 {\r\n        height: 28.5vw;\r\n        }\r\n    }\r\n\r\n    @media (min-width: 1400px) {\r\n        #featured-block_affb9ef92f138267d68653eff3cb88e5 {\r\n        height: 22vw;\r\n        }\r\n    }\r\n\r\n    @media (min-width: 1750px) {\r\n        #featured-block_affb9ef92f138267d68653eff3cb88e5 {\r\n        height: 18vw;\r\n        }\r\n    }\r\n\r\n    @media (min-width: 2200px) {\r\n        #featured-block_affb9ef92f138267d68653eff3cb88e5 {\r\n        height: 15vw;\r\n        }\r\n    }\r\n\r\n    .fully-loaded #featured-block_affb9ef92f138267d68653eff3cb88e5 {\r\n        height: auto;\r\n    }\r\n<\/style>\r\n\r\n\r\n\r\n<div id=\"featured-block_affb9ef92f138267d68653eff3cb88e5\" class=\"block_featured alignfull single \">\r\n\r\n    \r\n\t<\/div>\r\n\n\n\r\n\r\n\r\n\r\n\r\n\r\n<style type=\"text\/css\">\r\n\t#content-block_1da28853d34006b803aed5d8c2964dca {\r\n\t\t                 padding-bottom: 50px; \t}\r\n\r\n    #content-block_1da28853d34006b803aed5d8c2964dca .container {\r\n\t\t        \t                        }\r\n    #content-block_1da28853d34006b803aed5d8c2964dca .container h2{\r\n            }\r\n<\/style>\r\n\r\n\r\n\r\n\r\n\r\n\r\n\r\n\r\n<div id=\"content-block_1da28853d34006b803aed5d8c2964dca\" class=\"block_content alignfull shift_title  narrow\">\r\n\r\n\r\n    \r\n    <div class=\"container  content_shadow  \">\r\n        <div class=\"inner\" >\r\n            <h2 style=\"\">Domande frequenti sulla cura intima<\/h2>\r\n\r\n            <div class=\"content cols one\" style=\"\">\r\n                <div class=\"col\">\r\n                    <p>Qui troverete le risposte alle domande pi\u00f9 frequenti sulla cura intima e sui <a href=\"https:\/\/www.deumavan.ch\/deumavan-produkte\/\">prodotti Deumavan<\/a>.<\/p>\n                <\/div>\r\n                            <\/div>\r\n\r\n\r\n            \r\n            \r\n\r\n        <\/div>\r\n    <\/div>\r\n<\/div>\n\n\r\n\r\n<style type=\"text\/css\">\r\n\t#help-block_b6f43bf18f1c3e3ce3c3322665f5e770 {\r\n\t\t         padding-top: 50px;          padding-bottom: 50px; \t}\r\n\r\n    #help-block_b6f43bf18f1c3e3ce3c3322665f5e770 .container {\r\n        \t                }\r\n<\/style>\r\n\r\n<div id=\"help-block_b6f43bf18f1c3e3ce3c3322665f5e770\" class=\"block-help alignfull\">\r\n\r\n\r\n    \r\n    <div class=\"container  \">\r\n                <div class=\"help_wrap\">\r\n\r\n\r\n            \r\n                <div class=\"help_item\">\r\n                    <div class=\"help_title\">\r\n                        La pomata protettiva Deumavan pu\u00f2 essere utilizzata anche come lubrificante?                    <\/div>\r\n                    <div class=\"help_content\">\r\n                        <p>Deumavan non \u00e8 un lubrificante classico. Deumavan si usa per proteggere, rigenerare e curare la pelle sensibile della zona anale e genitale esterna. Ci\u00f2 include anche la protezione della delicata pelle della zona intima dallo stress meccanico durante i rapporti sessuali. La pomata protettiva Deumavan pu\u00f2 quindi essere utilizzata anche come lubrificante per la zona intima esterna.<br \/>\nOccorre tuttavia ricordare di non utilizzare la pomata protettiva Deumavan assieme a profilattici in lattice, perch\u00e9 questi diventano porosi a contatto con grassi e oli. Lo stesso vale per i profilattici in poliisoprene. Si possono utilizzare invece profilattici in poliuretano o AT-10 (a base di resina sintetica).<\/p>\n<p><a href=\"https:\/\/www.deumavan.ch\/it\/prodotti-deumavan\/deumavan-pomata-protettiva\/\">Maggiori informazioni su Deumavan Pomata protettiva <\/a><\/p>\n\r\n                        \r\n                                        <\/div>\r\n                <\/div>\r\n\r\n\r\n                    <\/div>\r\n    <\/div>\r\n<\/div>\n\n\r\n\r\n\r\n\r\n\r\n\r\n<style type=\"text\/css\">\r\n\t#content-block_99c0c4ca9fbea3ee6c2ca85efbf671b5 {\r\n\t\t background-color: #ff6900;                 \t}\r\n\r\n    #content-block_99c0c4ca9fbea3ee6c2ca85efbf671b5 .container {\r\n\t\t        \t                        }\r\n    #content-block_99c0c4ca9fbea3ee6c2ca85efbf671b5 .container h2{\r\n            }\r\n<\/style>\r\n\r\n\r\n\r\n\r\n\r\n\r\n\r\n\r\n<div id=\"content-block_99c0c4ca9fbea3ee6c2ca85efbf671b5\" class=\"block_content alignfull narrow\">\r\n\r\n\r\n    \r\n    <div class=\"container  \">\r\n        <div class=\"inner\" >\r\n            <h2 style=\" color: #f7f7f7; \">La sua domanda non ha trovato risposta?<\/h2>\r\n\r\n            <div class=\"content cols one\" style=\" color: #f7f7f7; \">\r\n                <div class=\"col\">\r\n                    <p>Ha altre domande sull\u2019igiene intima o sui prodotti Deumavan? Non esiti a mandarci un messaggio con la sua domanda o richiesta.<\/p>\n<p>Saremo lieti di occuparci della sua richiesta e la contatteremo prima possibile.<\/p>\n                <\/div>\r\n                            <\/div>\r\n\r\n\r\n            \r\n            \r\n\r\n        <\/div>\r\n    <\/div>\r\n<\/div>\n\n\r\n<style type=\"text\/css\">\r\n\t#form-block_708d842895085e2f15b54462e33db1a4 {\r\n\t\t background-color: #f7f7f7;          padding-top: 50px;          padding-bottom: 50px; \t}\r\n\r\n    #form-block_708d842895085e2f15b54462e33db1a4 .container {\r\n        \t    \r\n    }\r\n\r\n<\/style>\r\n\r\n<section id=\"form-block_708d842895085e2f15b54462e33db1a4\" class=\"block-form form_wrap alignfull\">\r\n    <div class=\"container\">\r\n        \n<div class=\"wpcf7 no-js\" id=\"wpcf7-f775-o1\" lang=\"en-US\" dir=\"ltr\" data-wpcf7-id=\"775\">\n<div class=\"screen-reader-response\"><p role=\"status\" aria-live=\"polite\" aria-atomic=\"true\"><\/p> <ul><\/ul><\/div>\n<form action=\"\/it\/wp-json\/wp\/v2\/pages\/2586#wpcf7-f775-o1\" method=\"post\" class=\"wpcf7-form init\" aria-label=\"Contact form\" novalidate=\"novalidate\" data-status=\"init\">\n<fieldset class=\"hidden-fields-container\"><input type=\"hidden\" name=\"_wpcf7\" value=\"775\" \/><input type=\"hidden\" name=\"_wpcf7_version\" value=\"6.1.4\" \/><input type=\"hidden\" name=\"_wpcf7_locale\" value=\"en_US\" \/><input type=\"hidden\" name=\"_wpcf7_unit_tag\" value=\"wpcf7-f775-o1\" \/><input type=\"hidden\" name=\"_wpcf7_container_post\" value=\"0\" \/><input type=\"hidden\" name=\"_wpcf7_posted_data_hash\" value=\"\" \/>\n<\/fieldset>\n<h3>La vostra domanda o messaggio\n<\/h3>\n<div class=\"line\">\n\t<p><span class=\"wpcf7-form-control-wrap\" data-name=\"text\"><textarea cols=\"40\" rows=\"10\" maxlength=\"2000\" class=\"wpcf7-form-control wpcf7-textarea wpcf7-validates-as-required\" aria-required=\"true\" aria-invalid=\"false\" placeholder=\"Digiti qui la sua domanda...\" name=\"text\"><\/textarea><\/span>\n\t<\/p>\n<\/div>\n<div class=\"line\">\n\t<p><span class=\"wpcf7-form-control-wrap\" data-name=\"secondname\"><input size=\"40\" maxlength=\"400\" class=\"wpcf7-form-control wpcf7-text wpcf7-validates-as-required\" aria-required=\"true\" aria-invalid=\"false\" placeholder=\"Nome*\" value=\"\" type=\"text\" name=\"secondname\" \/><\/span>\n\t<\/p>\n<\/div>\n<div class=\"line\">\n\t<p><span class=\"wpcf7-form-control-wrap\" data-name=\"firstname\"><input size=\"40\" maxlength=\"400\" class=\"wpcf7-form-control wpcf7-text wpcf7-validates-as-required\" aria-required=\"true\" aria-invalid=\"false\" placeholder=\"Cognome*\" value=\"\" type=\"text\" name=\"firstname\" \/><\/span>\n\t<\/p>\n<\/div>\n<div class=\"line line2\">\n\t<div class=\"long\">\n\t\t<p><span class=\"wpcf7-form-control-wrap\" data-name=\"address\"><input size=\"40\" maxlength=\"400\" class=\"wpcf7-form-control wpcf7-text wpcf7-validates-as-required\" aria-required=\"true\" aria-invalid=\"false\" placeholder=\"Indirizzo*\" value=\"\" type=\"text\" name=\"address\" \/><\/span>\n\t\t<\/p>\n\t<\/div>\n\t<div class=\"short\">\n\t\t<p><span class=\"wpcf7-form-control-wrap\" data-name=\"house_nr\"><input size=\"40\" maxlength=\"400\" class=\"wpcf7-form-control wpcf7-text wpcf7-validates-as-required\" aria-required=\"true\" aria-invalid=\"false\" placeholder=\"N\u00b0 civico*\" value=\"\" type=\"text\" name=\"house_nr\" \/><\/span>\n\t\t<\/p>\n\t<\/div>\n<\/div>\n<div class=\"line line2\">\n\t<div class=\"short\">\n\t\t<p><span class=\"wpcf7-form-control-wrap\" data-name=\"zip\"><input class=\"wpcf7-form-control wpcf7-number wpcf7-validates-as-required wpcf7-validates-as-number\" id=\"zipcode\" min=\"1000\" max=\"9999\" aria-required=\"true\" aria-invalid=\"false\" placeholder=\"NPA*\" value=\"\" type=\"number\" name=\"zip\" \/><\/span>\n\t\t<\/p>\n\t<\/div>\n\t<div class=\"long\">\n\t\t<p><span class=\"wpcf7-form-control-wrap\" data-name=\"city\"><input size=\"40\" maxlength=\"400\" class=\"wpcf7-form-control wpcf7-text wpcf7-validates-as-required\" aria-required=\"true\" aria-invalid=\"false\" placeholder=\"Localit\u00e0*\" value=\"\" type=\"text\" name=\"city\" \/><\/span>\n\t\t<\/p>\n\t<\/div>\n<\/div>\n<div class=\"line\">\n\t<div class=\"short\">\n\t\t<p><span class=\"wpcf7-form-control-wrap\" data-name=\"telefonnummer\"><input class=\"wpcf7-form-control wpcf7-number wpcf7-validates-as-required wpcf7-validates-as-number\" aria-required=\"true\" aria-invalid=\"false\" placeholder=\"Telefono*\" value=\"\" type=\"number\" name=\"telefonnummer\" \/><\/span>\n\t\t<\/p>\n\t<\/div>\n<\/div>\n<div class=\"line\">\n\t<p><span class=\"wpcf7-form-control-wrap\" data-name=\"email\"><input size=\"40\" maxlength=\"400\" class=\"wpcf7-form-control wpcf7-email wpcf7-validates-as-required wpcf7-text wpcf7-validates-as-email\" aria-required=\"true\" aria-invalid=\"false\" placeholder=\"E-mail*\" value=\"\" type=\"email\" name=\"email\" \/><\/span>\n\t<\/p>\n<\/div>\n<div class=\"legend\">\n\t<p>*Si prega di compilare debitamente i campi contrassegnati.\n\t<\/p>\n<\/div>\n<div class=\"text-center\">\n\t<div class=\"btn orange\">\n\t\t<p><span class=\"text\"><input class=\"wpcf7-form-control wpcf7-submit has-spinner\" type=\"submit\" value=\"Inviare\" \/><\/span><br \/>\n<span class=\"btnarrow\"><\/span>\n\t\t<\/p>\n\t<\/div>\n<\/div><div class=\"wpcf7-response-output\" aria-hidden=\"true\"><\/div>\n<\/form>\n<\/div>\n    <\/div>\r\n<\/section>\n\n\r\n<style type=\"text\/css\">\r\n\t#why-block_5ea066a3ba5dc {\r\n\t\t                \t}\r\n\r\n    #why-block_5ea066a3ba5dc .container {\r\n\t\t         margin-top: -30px;          margin-bottom: 30px;             }\r\n<\/style>\r\n\r\n<div id=\"why-block_5ea066a3ba5dc\" class=\"block_why alignfull\">\r\n\r\n    \r\n    <div class=\"container  content_shadow  \">\r\n\r\n        <div class=\"title\">Perch\u00e9 Deumavan<\/div>\r\n\r\n        <div class=\"icons_wrap\">\r\n                            \r\n\r\n                    <div class=\"ico_box\">\r\n                        <div class=\"icon\">\r\n                                                            <img decoding=\"async\" src=\"https:\/\/dev.deumavan.ch\/wp-content\/uploads\/2020\/04\/leaf-solid.svg\" \/>\r\n                                                    <\/div>\r\n                        <div class=\"why_label\">\r\n                            Esente da  <br>                     ormoni                        <\/div>\r\n                    <\/div>\r\n                \r\n\r\n                    <div class=\"ico_box\">\r\n                        <div class=\"icon\">\r\n                                                            <img decoding=\"async\" src=\"https:\/\/dev.deumavan.ch\/wp-content\/uploads\/2020\/07\/icon-sieundihn-deumavan.svg\" \/>\r\n                                                    <\/div>\r\n                        <div class=\"why_label\">\r\n                            Per lei e per lui                        <\/div>\r\n                    <\/div>\r\n                \r\n\r\n                    <div class=\"ico_box\">\r\n                        <div class=\"icon\">\r\n                                                            <img decoding=\"async\" src=\"https:\/\/dev.deumavan.ch\/wp-content\/uploads\/2020\/07\/icon-konservierung-deumavan.svg\" \/>\r\n                                                    <\/div>\r\n                        <div class=\"why_label\">\r\n                            Senza conservanti                        <\/div>\r\n                    <\/div>\r\n                \r\n\r\n                    <div class=\"ico_box\">\r\n                        <div class=\"icon\">\r\n                                                            <img decoding=\"async\" src=\"https:\/\/dev.deumavan.ch\/wp-content\/uploads\/2020\/07\/icon-kalender-deumavan.svg\" \/>\r\n                                                    <\/div>\r\n                        <div class=\"why_label\">\r\n                            Per l\u2019utilizzo  <br>                     quotidiano                        <\/div>\r\n                    <\/div>\r\n                \r\n\r\n                    <div class=\"ico_box\">\r\n                        <div class=\"icon\">\r\n                                                            <img decoding=\"async\" src=\"https:\/\/dev.deumavan.ch\/wp-content\/uploads\/2020\/07\/icon-konsistenz-deumavan.svg\" \/>\r\n                                                    <\/div>\r\n                        <div class=\"why_label\">\r\n                            Consistenza <br>                     delicata                        <\/div>\r\n                    <\/div>\r\n                                    <\/div>\r\n\r\n                    <div class=\"deco deco_bottom\"><div><\/div><\/div>\r\n        \r\n    <\/div>\r\n\r\n    <\/div>\r\n\n\n\n<p><\/p>\n\n\n\r\n\r\n\r\n\r\n\r\n\r\n<style type=\"text\/css\">\r\n\t#content-block_84e5c52db093231d78eb16f9c699604c {\r\n\t\t                \t}\r\n\r\n    #content-block_84e5c52db093231d78eb16f9c699604c .container {\r\n\t\t        \t                        }\r\n    #content-block_84e5c52db093231d78eb16f9c699604c .container h2{\r\n            }\r\n<\/style>\r\n\r\n\r\n\r\n\r\n\r\n\r\n\r\n\r\n<div id=\"content-block_84e5c52db093231d78eb16f9c699604c\" class=\"block_content alignfull narrow\">\r\n\r\n\r\n    \r\n    <div class=\"container  \">\r\n        <div class=\"inner\" >\r\n            <h2 style=\" color: #ff6900; \"><a href=\"https:\/\/deumavan.ch\/it\/prodotti-deumavan\/\">Prodotti Deumavan<\/a><\/h2>\r\n\r\n            <div class=\"content cols one\" style=\"\">\r\n                <div class=\"col\">\r\n                    <p>La pelle sensibile della zona intima esterna risente quotidianamente di stress naturali e meccanici, come accade camminando, stando seduti, andando in bicicletta, praticando sport o durante i rapporti sessuali. Ci\u00f2 pu\u00f2 avere conseguenze sgradevoli. Ecco perch\u00e9 la pelle della zona intima merita cure particolarmente delicate. La pomata protettiva Deumavan \u00e8 un dispositivo medico per la zona intima femminile e <a href=\"https:\/\/www.deumavan.ch\/it\/intimbeschwerden-manner\/\">maschile<\/a>.<\/p>\n<p>La pomata protettiva Deumavan \u00e8 indicata per la protezione locale dell\u2019intera zona intima esterna: genitali esterni femminili e maschili, perineo e zona anale. Pu\u00f2 essere consigliabile applicare la pomata protettiva Deumavan pi\u00f9 volte al giorno.<\/p>\n                <\/div>\r\n                            <\/div>\r\n\r\n\r\n            \r\n                        <p class=\"text-center\">\r\n                <a href=\"https:\/\/deumavan.ch\/it\/prodotti-deumavan\/\" class=\"btn dark \">\r\n                    <span class=\"text\" style=\"\" >Tutti i prodotti Deumavan<\/span>\r\n                    <span class=\"btnarrow\"><\/span>\r\n                <\/a>\r\n            <\/p>\r\n            \r\n\r\n        <\/div>\r\n    <\/div>\r\n<\/div>\n\n\n<div style=\"height:100px\" aria-hidden=\"true\" class=\"wp-block-spacer\"><\/div>\n\n\n\n<style type=\"text\/css\">\n\t#products-block_f030e4ff301f81e25109caa85f554d0a {\n                         padding-bottom: 230px; \t}\n\n<\/style>\n\n<div id=\"products-block_f030e4ff301f81e25109caa85f554d0a\" class=\"block_grid_product_wrap alignfull\">\n\t<div class=\"container\">\n        <div class=\"box_wrap\">\n                                                <div class=\"box product_box\">\n\n                                                                            <div class=\"thumb\">\n                            <img decoding=\"async\" src=\"https:\/\/dev.deumavan.ch\/wp-content\/uploads\/2020\/07\/Deumavan-Schutzsalbe-Neutral_Tube_50ml.jpg\" alt=\"Packshot Deumavan\u00ae Schutzsalbe neutral Tube\" \/>\n                            <\/div>\n                        \n                        <div class=\"name\">\n                            Deumavan Pomata protettiva                        <\/div>\n                        <div class=\"description\">\n                            <h5>Dispositivo medico<\/h5>\n<p>Trattamento delicato per la pelle sensibile della zona intima esterna. La pomata protettiva Deumavan \u00e8 utilizzata per alleviare i disturbi cutanei della zona intima esterna. La pomata protettiva pu\u00f2 aiutare ad alleviare sintomi sgradevoli come irritazioni cutanee accompagnate da bruciore, prurito e secchezza.<\/p>\n<p>La pomata protettiva Deumavan per la zona intima ha una consistenza estremamente morbida ed \u00e8 disponibile in due versioni: con una fragranza neutra o delicata alla lavanda.<\/p>\n                        <\/div>\n\n\n\n                        \n\n                        \n                                                <p class=\"text-center\">\n                            <a href=\"https:\/\/www.deumavan.ch\/it\/prodotti-deumavan\/\" class=\"btn dark \"  >\n                                <span class=\"text\" style=\"\" >Maggiori informazioni su Deumavan Pomata protettiva<\/span>\n                                <span class=\"btnarrow\"><\/span>\n                            <\/a>\n                        <\/p>\n                                            <\/div>\n                                    <div class=\"box product_box\">\n\n                                                                            <div class=\"thumb\">\n                            <img decoding=\"async\" src=\"https:\/\/dev.deumavan.ch\/wp-content\/uploads\/2020\/07\/Deumavan-Waschlotion-Neutral_200ml.jpg\" alt=\"Packshot Deumavan\u00ae Waschlotion neutral\" \/>\n                            <\/div>\n                        \n                        <div class=\"name\">\n                            Deumavan Lozione detergente                        <\/div>\n                        <div class=\"description\">\n                            <h5>Prodotto cosmetico<\/h5>\n<p>La pelle sensibile della zona intima viene detersa delicatamente e con cura durante l\u2019igiene intima con la lozione detergente Deumavan. Inoltre, la lozione detergente Deumavan \u00e8 adatta alla detersione intima prima della depilazione e pu\u00f2 essere utilizzata anche al posto della schiuma da rasatura. Per la protezione finale della pelle pulita \u00e8 necessario applicare un sottile strato grasso. L\u2019applicazione della pomata protettiva Deumavan integra la naturale produzione di sebo e ripristina rapidamente il necessario film protettivo della pelle.<\/p>\n                        <\/div>\n\n\n\n                        \n\n                        \n                                                <p class=\"text-center\">\n                            <a href=\"https:\/\/www.deumavan.ch\/it\/prodotti-deumavan\/\" class=\"btn dark \"  >\n                                <span class=\"text\" style=\"\" >Maggiori informazioni su Deumavan Lozione detergente<\/span>\n                                <span class=\"btnarrow\"><\/span>\n                            <\/a>\n                        <\/p>\n                                            <\/div>\n                                    <div class=\"box product_box\">\n\n                                                \n                        <div class=\"name\">\n                                                    <\/div>\n                        <div class=\"description\">\n                                                    <\/div>\n\n\n\n                        \n\n                        \n                                            <\/div>\n                                    <\/div>\n    <\/div>\n<\/div>\n\n\n\n<p><\/p>\n","protected":false},"excerpt":{"rendered":"","protected":false},"author":2,"featured_media":0,"parent":0,"menu_order":0,"comment_status":"closed","ping_status":"closed","template":"","meta":{"_acf_changed":false,"footnotes":""},"class_list":["post-2586","page","type-page","status-publish","hentry"],"acf":[],"yoast_head":"<!-- This site is optimized with the Yoast SEO plugin v26.5 - https:\/\/yoast.com\/wordpress\/plugins\/seo\/ -->\n<title>Domande e risposte delle parti intime | Deumavan\u00ae<\/title>\n<meta name=\"description\" content=\"Qui trova le risposte alle sue domande sulla cura delle parti intime e sui prodotti Deumavan\u00ae. \u2713Pelle sana nelle parti intime\" \/>\n<meta name=\"robots\" content=\"noindex, follow, max-snippet:-1, max-image-preview:large, max-video-preview:-1\" \/>\n<meta property=\"og:locale\" content=\"it_IT\" \/>\n<meta property=\"og:type\" content=\"article\" \/>\n<meta property=\"og:title\" content=\"Domande e risposte delle parti intime | Deumavan\u00ae\" \/>\n<meta property=\"og:description\" content=\"Qui trova le risposte alle sue domande sulla cura delle parti intime e sui prodotti Deumavan\u00ae. \u2713Pelle sana nelle parti intime\" \/>\n<meta property=\"og:url\" content=\"https:\/\/dev.deumavan.ch\/it\/domande-frequenti\/\" \/>\n<meta property=\"og:site_name\" content=\"Deumavan\" \/>\n<meta property=\"article:modified_time\" content=\"2025-07-07T10:26:02+00:00\" \/>\n<meta name=\"twitter:card\" content=\"summary_large_image\" \/>\n<script type=\"application\/ld+json\" class=\"yoast-schema-graph\">{\"@context\":\"https:\/\/schema.org\",\"@graph\":[{\"@type\":\"WebPage\",\"@id\":\"https:\/\/dev.deumavan.ch\/it\/domande-frequenti\/\",\"url\":\"https:\/\/dev.deumavan.ch\/it\/domande-frequenti\/\",\"name\":\"Domande e risposte delle parti intime | Deumavan\u00ae\",\"isPartOf\":{\"@id\":\"https:\/\/dev.deumavan.ch\/it\/#website\"},\"datePublished\":\"2020-04-23T10:18:43+00:00\",\"dateModified\":\"2025-07-07T10:26:02+00:00\",\"description\":\"Qui trova le risposte alle sue domande sulla cura delle parti intime e sui prodotti Deumavan\u00ae. \u2713Pelle sana nelle parti intime\",\"breadcrumb\":{\"@id\":\"https:\/\/dev.deumavan.ch\/it\/domande-frequenti\/#breadcrumb\"},\"inLanguage\":\"it-IT\",\"potentialAction\":[{\"@type\":\"ReadAction\",\"target\":[\"https:\/\/dev.deumavan.ch\/it\/domande-frequenti\/\"]}]},{\"@type\":\"BreadcrumbList\",\"@id\":\"https:\/\/dev.deumavan.ch\/it\/domande-frequenti\/#breadcrumb\",\"itemListElement\":[{\"@type\":\"ListItem\",\"position\":1,\"name\":\"Home\",\"item\":\"https:\/\/dev.deumavan.ch\/it\/\"},{\"@type\":\"ListItem\",\"position\":2,\"name\":\"Domande frequenti\"}]},{\"@type\":\"WebSite\",\"@id\":\"https:\/\/dev.deumavan.ch\/it\/#website\",\"url\":\"https:\/\/dev.deumavan.ch\/it\/\",\"name\":\"Deumavan\",\"description\":\"\",\"potentialAction\":[{\"@type\":\"SearchAction\",\"target\":{\"@type\":\"EntryPoint\",\"urlTemplate\":\"https:\/\/dev.deumavan.ch\/it\/?s={search_term_string}\"},\"query-input\":{\"@type\":\"PropertyValueSpecification\",\"valueRequired\":true,\"valueName\":\"search_term_string\"}}],\"inLanguage\":\"it-IT\"}]}<\/script>\n<!-- \/ Yoast SEO plugin. -->","yoast_head_json":{"title":"Domande e risposte delle parti intime | Deumavan\u00ae","description":"Qui trova le risposte alle sue domande sulla cura delle parti intime e sui prodotti Deumavan\u00ae. \u2713Pelle sana nelle parti intime","robots":{"index":"noindex","follow":"follow","max-snippet":"max-snippet:-1","max-image-preview":"max-image-preview:large","max-video-preview":"max-video-preview:-1"},"og_locale":"it_IT","og_type":"article","og_title":"Domande e risposte delle parti intime | Deumavan\u00ae","og_description":"Qui trova le risposte alle sue domande sulla cura delle parti intime e sui prodotti Deumavan\u00ae. \u2713Pelle sana nelle parti intime","og_url":"https:\/\/dev.deumavan.ch\/it\/domande-frequenti\/","og_site_name":"Deumavan","article_modified_time":"2025-07-07T10:26:02+00:00","twitter_card":"summary_large_image","schema":{"@context":"https:\/\/schema.org","@graph":[{"@type":"WebPage","@id":"https:\/\/dev.deumavan.ch\/it\/domande-frequenti\/","url":"https:\/\/dev.deumavan.ch\/it\/domande-frequenti\/","name":"Domande e risposte delle parti intime | Deumavan\u00ae","isPartOf":{"@id":"https:\/\/dev.deumavan.ch\/it\/#website"},"datePublished":"2020-04-23T10:18:43+00:00","dateModified":"2025-07-07T10:26:02+00:00","description":"Qui trova le risposte alle sue domande sulla cura delle parti intime e sui prodotti Deumavan\u00ae. \u2713Pelle sana nelle parti intime","breadcrumb":{"@id":"https:\/\/dev.deumavan.ch\/it\/domande-frequenti\/#breadcrumb"},"inLanguage":"it-IT","potentialAction":[{"@type":"ReadAction","target":["https:\/\/dev.deumavan.ch\/it\/domande-frequenti\/"]}]},{"@type":"BreadcrumbList","@id":"https:\/\/dev.deumavan.ch\/it\/domande-frequenti\/#breadcrumb","itemListElement":[{"@type":"ListItem","position":1,"name":"Home","item":"https:\/\/dev.deumavan.ch\/it\/"},{"@type":"ListItem","position":2,"name":"Domande frequenti"}]},{"@type":"WebSite","@id":"https:\/\/dev.deumavan.ch\/it\/#website","url":"https:\/\/dev.deumavan.ch\/it\/","name":"Deumavan","description":"","potentialAction":[{"@type":"SearchAction","target":{"@type":"EntryPoint","urlTemplate":"https:\/\/dev.deumavan.ch\/it\/?s={search_term_string}"},"query-input":{"@type":"PropertyValueSpecification","valueRequired":true,"valueName":"search_term_string"}}],"inLanguage":"it-IT"}]}},"_links":{"self":[{"href":"https:\/\/dev.deumavan.ch\/it\/wp-json\/wp\/v2\/pages\/2586","targetHints":{"allow":["GET"]}}],"collection":[{"href":"https:\/\/dev.deumavan.ch\/it\/wp-json\/wp\/v2\/pages"}],"about":[{"href":"https:\/\/dev.deumavan.ch\/it\/wp-json\/wp\/v2\/types\/page"}],"author":[{"embeddable":true,"href":"https:\/\/dev.deumavan.ch\/it\/wp-json\/wp\/v2\/users\/2"}],"replies":[{"embeddable":true,"href":"https:\/\/dev.deumavan.ch\/it\/wp-json\/wp\/v2\/comments?post=2586"}],"version-history":[{"count":35,"href":"https:\/\/dev.deumavan.ch\/it\/wp-json\/wp\/v2\/pages\/2586\/revisions"}],"predecessor-version":[{"id":6538,"href":"https:\/\/dev.deumavan.ch\/it\/wp-json\/wp\/v2\/pages\/2586\/revisions\/6538"}],"wp:attachment":[{"href":"https:\/\/dev.deumavan.ch\/it\/wp-json\/wp\/v2\/media?parent=2586"}],"curies":[{"name":"wp","href":"https:\/\/api.w.org\/{rel}","templated":true}]}}